{"id":2226,"date":"2015-02-03T09:25:41","date_gmt":"2015-02-03T09:25:41","guid":{"rendered":"http:\/\/themes.muffingroup.com\/be\/mechanic\/?page_id=2226"},"modified":"2021-05-25T14:16:41","modified_gmt":"2021-05-25T14:16:41","slug":"contacto","status":"publish","type":"page","link":"https:\/\/lalos.com.br\/esp\/contacto\/","title":{"rendered":"Contacto"},"content":{"rendered":"","protected":false},"excerpt":{"rendered":"","protected":false},"author":1,"featured_media":0,"parent":0,"menu_order":0,"comment_status":"open","ping_status":"open","template":"","meta":{"footnotes":""},"class_list":["post-2226","page","type-page","status-publish","hentry"],"yoast_head":"<!-- This site is optimized with the Yoast SEO plugin v26.9 - https:\/\/yoast.com\/product\/yoast-seo-wordpress\/ -->\n<title>Contato Lalos | Fabrica\u00e7\u00e3o de M\u00e1quinas Injetoras de Zamac<\/title>\n<meta name=\"description\" content=\"Entre em contato com a Lalos e conhe\u00e7a nossa gama de m\u00e1quinas produzidas para atender demandas na inje\u00e7\u00e3o e acabamento de pe\u00e7as em Zamac.\" \/>\n<meta name=\"robots\" content=\"index, follow, max-snippet:-1, max-image-preview:large, max-video-preview:-1\" \/>\n<link rel=\"canonical\" href=\"https:\/\/lalos.com.br\/esp\/contacto\/\" \/>\n<meta property=\"og:locale\" content=\"pt_BR\" \/>\n<meta property=\"og:type\" content=\"article\" \/>\n<meta property=\"og:title\" content=\"Contato Lalos | Fabrica\u00e7\u00e3o de M\u00e1quinas Injetoras de Zamac\" \/>\n<meta property=\"og:description\" content=\"Entre em contato com a Lalos e conhe\u00e7a nossa gama de m\u00e1quinas produzidas para atender demandas na inje\u00e7\u00e3o e acabamento de pe\u00e7as em Zamac.\" \/>\n<meta property=\"og:url\" content=\"https:\/\/lalos.com.br\/esp\/contacto\/\" \/>\n<meta property=\"article:modified_time\" content=\"2021-05-25T14:16:41+00:00\" \/>\n<meta name=\"twitter:card\" content=\"summary_large_image\" \/>\n<script type=\"application\/ld+json\" class=\"yoast-schema-graph\">{\"@context\":\"https:\/\/schema.org\",\"@graph\":[{\"@type\":[\"WebPage\",\"ContactPage\"],\"@id\":\"https:\/\/lalos.com.br\/esp\/contacto\/\",\"url\":\"https:\/\/lalos.com.br\/esp\/contacto\/\",\"name\":\"Contato Lalos | Fabrica\u00e7\u00e3o de M\u00e1quinas Injetoras de Zamac\",\"isPartOf\":{\"@id\":\"https:\/\/lalos.com.br\/esp\/#website\"},\"datePublished\":\"2015-02-03T09:25:41+00:00\",\"dateModified\":\"2021-05-25T14:16:41+00:00\",\"description\":\"Entre em contato com a Lalos e conhe\u00e7a nossa gama de m\u00e1quinas produzidas para atender demandas na inje\u00e7\u00e3o e acabamento de pe\u00e7as em Zamac.\",\"breadcrumb\":{\"@id\":\"https:\/\/lalos.com.br\/esp\/contacto\/#breadcrumb\"},\"inLanguage\":\"pt-BR\",\"potentialAction\":[{\"@type\":\"ReadAction\",\"target\":[\"https:\/\/lalos.com.br\/esp\/contacto\/\"]}]},{\"@type\":\"BreadcrumbList\",\"@id\":\"https:\/\/lalos.com.br\/esp\/contacto\/#breadcrumb\",\"itemListElement\":[{\"@type\":\"ListItem\",\"position\":1,\"name\":\"In\u00edcio\",\"item\":\"https:\/\/lalos.com.br\/esp\/\"},{\"@type\":\"ListItem\",\"position\":2,\"name\":\"Contacto\"}]},{\"@type\":\"WebSite\",\"@id\":\"https:\/\/lalos.com.br\/esp\/#website\",\"url\":\"https:\/\/lalos.com.br\/esp\/\",\"name\":\"\",\"description\":\"\",\"potentialAction\":[{\"@type\":\"SearchAction\",\"target\":{\"@type\":\"EntryPoint\",\"urlTemplate\":\"https:\/\/lalos.com.br\/esp\/?s={search_term_string}\"},\"query-input\":{\"@type\":\"PropertyValueSpecification\",\"valueRequired\":true,\"valueName\":\"search_term_string\"}}],\"inLanguage\":\"pt-BR\"}]}<\/script>\n<!-- \/ Yoast SEO plugin. -->","yoast_head_json":{"title":"Contato Lalos | Fabrica\u00e7\u00e3o de M\u00e1quinas Injetoras de Zamac","description":"Entre em contato com a Lalos e conhe\u00e7a nossa gama de m\u00e1quinas produzidas para atender demandas na inje\u00e7\u00e3o e acabamento de pe\u00e7as em Zamac.","robots":{"index":"index","follow":"follow","max-snippet":"max-snippet:-1","max-image-preview":"max-image-preview:large","max-video-preview":"max-video-preview:-1"},"canonical":"https:\/\/lalos.com.br\/esp\/contacto\/","og_locale":"pt_BR","og_type":"article","og_title":"Contato Lalos | Fabrica\u00e7\u00e3o de M\u00e1quinas Injetoras de Zamac","og_description":"Entre em contato com a Lalos e conhe\u00e7a nossa gama de m\u00e1quinas produzidas para atender demandas na inje\u00e7\u00e3o e acabamento de pe\u00e7as em Zamac.","og_url":"https:\/\/lalos.com.br\/esp\/contacto\/","article_modified_time":"2021-05-25T14:16:41+00:00","twitter_card":"summary_large_image","schema":{"@context":"https:\/\/schema.org","@graph":[{"@type":["WebPage","ContactPage"],"@id":"https:\/\/lalos.com.br\/esp\/contacto\/","url":"https:\/\/lalos.com.br\/esp\/contacto\/","name":"Contato Lalos | Fabrica\u00e7\u00e3o de M\u00e1quinas Injetoras de Zamac","isPartOf":{"@id":"https:\/\/lalos.com.br\/esp\/#website"},"datePublished":"2015-02-03T09:25:41+00:00","dateModified":"2021-05-25T14:16:41+00:00","description":"Entre em contato com a Lalos e conhe\u00e7a nossa gama de m\u00e1quinas produzidas para atender demandas na inje\u00e7\u00e3o e acabamento de pe\u00e7as em Zamac.","breadcrumb":{"@id":"https:\/\/lalos.com.br\/esp\/contacto\/#breadcrumb"},"inLanguage":"pt-BR","potentialAction":[{"@type":"ReadAction","target":["https:\/\/lalos.com.br\/esp\/contacto\/"]}]},{"@type":"BreadcrumbList","@id":"https:\/\/lalos.com.br\/esp\/contacto\/#breadcrumb","itemListElement":[{"@type":"ListItem","position":1,"name":"In\u00edcio","item":"https:\/\/lalos.com.br\/esp\/"},{"@type":"ListItem","position":2,"name":"Contacto"}]},{"@type":"WebSite","@id":"https:\/\/lalos.com.br\/esp\/#website","url":"https:\/\/lalos.com.br\/esp\/","name":"","description":"","potentialAction":[{"@type":"SearchAction","target":{"@type":"EntryPoint","urlTemplate":"https:\/\/lalos.com.br\/esp\/?s={search_term_string}"},"query-input":{"@type":"PropertyValueSpecification","valueRequired":true,"valueName":"search_term_string"}}],"inLanguage":"pt-BR"}]}},"_links":{"self":[{"href":"https:\/\/lalos.com.br\/esp\/wp-json\/wp\/v2\/pages\/2226","targetHints":{"allow":["GET"]}}],"collection":[{"href":"https:\/\/lalos.com.br\/esp\/wp-json\/wp\/v2\/pages"}],"about":[{"href":"https:\/\/lalos.com.br\/esp\/wp-json\/wp\/v2\/types\/page"}],"author":[{"embeddable":true,"href":"https:\/\/lalos.com.br\/esp\/wp-json\/wp\/v2\/users\/1"}],"replies":[{"embeddable":true,"href":"https:\/\/lalos.com.br\/esp\/wp-json\/wp\/v2\/comments?post=2226"}],"version-history":[{"count":3,"href":"https:\/\/lalos.com.br\/esp\/wp-json\/wp\/v2\/pages\/2226\/revisions"}],"predecessor-version":[{"id":2367,"href":"https:\/\/lalos.com.br\/esp\/wp-json\/wp\/v2\/pages\/2226\/revisions\/2367"}],"wp:attachment":[{"href":"https:\/\/lalos.com.br\/esp\/wp-json\/wp\/v2\/media?parent=2226"}],"curies":[{"name":"wp","href":"https:\/\/api.w.org\/{rel}","templated":true}]}}